{"id":3262,"date":"2022-03-11T16:06:23","date_gmt":"2022-03-11T15:06:23","guid":{"rendered":"https:\/\/neyroud.066.ch\/?page_id=3262"},"modified":"2022-03-11T16:07:11","modified_gmt":"2022-03-11T15:07:11","slug":"cgv","status":"publish","type":"page","link":"https:\/\/neyroud.066.ch\/de\/cgv\/","title":{"rendered":"CGV"},"content":{"rendered":"\t\t<div data-elementor-type=\"wp-page\" data-elementor-id=\"3262\" class=\"elementor elementor-3262 elementor-1087\" data-elementor-post-type=\"page\">\n\t\t\t\t\t\t<section class=\"elementor-section elementor-top-section elementor-element elementor-element-067b574 elementor-section-boxed elementor-section-height-default elementor-section-height-default\" data-id=\"067b574\" data-element_type=\"section\">\n\t\t\t\t\t\t<div class=\"elementor-container elementor-column-gap-default\">\n\t\t\t\t\t<div class=\"elementor-column elementor-col-33 elementor-top-column elementor-element elementor-element-75d28d7\" data-id=\"75d28d7\" data-element_type=\"column\">\n\t\t\t<div class=\"elementor-widget-wrap elementor-element-populated\">\n\t\t\t\t\t\t<div class=\"elementor-element elementor-element-dfd1738 elementor-nav-menu__align-start elementor-nav-menu--dropdown-tablet elementor-nav-menu__text-align-aside elementor-widget elementor-widget-nav-menu\" data-id=\"dfd1738\" data-element_type=\"widget\" data-settings=\"{&quot;layout&quot;:&quot;vertical&quot;,&quot;submenu_icon&quot;:{&quot;value&quot;:&quot;&lt;i class=\\&quot;fas fa-caret-down\\&quot;&gt;&lt;\\\/i&gt;&quot;,&quot;library&quot;:&quot;fa-solid&quot;}}\" data-widget_type=\"nav-menu.default\">\n\t\t\t\t<div class=\"elementor-widget-container\">\n\t\t\t<link rel=\"stylesheet\" href=\"https:\/\/neyroud.066.ch\/wp-content\/plugins\/elementor-pro\/assets\/css\/widget-nav-menu.min.css\">\t\t\t<nav class=\"elementor-nav-menu--main elementor-nav-menu__container elementor-nav-menu--layout-vertical e--pointer-underline e--animation-fade\">\n\t\t\t\t<ul id=\"menu-1-dfd1738\" class=\"elementor-nav-menu sm-vertical\"><li class=\"menu-item menu-item-type-post_type menu-item-object-page menu-item-1127\"><a href=\"https:\/\/neyroud.066.ch\/cgv\/\" class=\"elementor-item\">CGV<\/a><\/li>\n<li class=\"menu-item menu-item-type-post_type menu-item-object-page menu-item-1126\"><a href=\"https:\/\/neyroud.066.ch\/politique-de-confidentialite\/\" class=\"elementor-item\">Datenschutzrichtlinie<\/a><\/li>\n<\/ul>\t\t\t<\/nav>\n\t\t\t\t\t\t<nav class=\"elementor-nav-menu--dropdown elementor-nav-menu__container\" aria-hidden=\"true\">\n\t\t\t\t<ul id=\"menu-2-dfd1738\" class=\"elementor-nav-menu sm-vertical\"><li class=\"menu-item menu-item-type-post_type menu-item-object-page menu-item-1127\"><a href=\"https:\/\/neyroud.066.ch\/cgv\/\" class=\"elementor-item\" tabindex=\"-1\">CGV<\/a><\/li>\n<li class=\"menu-item menu-item-type-post_type menu-item-object-page menu-item-1126\"><a href=\"https:\/\/neyroud.066.ch\/politique-de-confidentialite\/\" class=\"elementor-item\" tabindex=\"-1\">Datenschutzrichtlinie<\/a><\/li>\n<\/ul>\t\t\t<\/nav>\n\t\t\t\t<\/div>\n\t\t\t\t<\/div>\n\t\t\t\t\t<\/div>\n\t\t<\/div>\n\t\t\t\t<div class=\"elementor-column elementor-col-66 elementor-top-column elementor-element elementor-element-d2e4394\" data-id=\"d2e4394\" data-element_type=\"column\">\n\t\t\t<div class=\"elementor-widget-wrap elementor-element-populated\">\n\t\t\t\t\t\t<div class=\"elementor-element elementor-element-d2b8ad0 elementor-widget elementor-widget-heading\" data-id=\"d2b8ad0\" data-element_type=\"widget\" data-widget_type=\"heading.default\">\n\t\t\t\t<div class=\"elementor-widget-container\">\n\t\t\t<style>\/*! elementor - v3.22.0 - 26-06-2024 *\/\n.elementor-heading-title{padding:0;margin:0;line-height:1}.elementor-widget-heading .elementor-heading-title[class*=elementor-size-]>a{color:inherit;font-size:inherit;line-height:inherit}.elementor-widget-heading .elementor-heading-title.elementor-size-small{font-size:15px}.elementor-widget-heading .elementor-heading-title.elementor-size-medium{font-size:19px}.elementor-widget-heading .elementor-heading-title.elementor-size-large{font-size:29px}.elementor-widget-heading .elementor-heading-title.elementor-size-xl{font-size:39px}.elementor-widget-heading .elementor-heading-title.elementor-size-xxl{font-size:59px}<\/style><h2 class=\"elementor-heading-title elementor-size-default\">Allgemeine Gesch\u00e4ftsbedingungen<\/h2>\t\t<\/div>\n\t\t\t\t<\/div>\n\t\t\t\t<div class=\"elementor-element elementor-element-878322e elementor-widget elementor-widget-text-editor\" data-id=\"878322e\" data-element_type=\"widget\" data-widget_type=\"text-editor.default\">\n\t\t\t\t<div class=\"elementor-widget-container\">\n\t\t\t<style>\/*! elementor - v3.22.0 - 26-06-2024 *\/\n.elementor-widget-text-editor.elementor-drop-cap-view-stacked .elementor-drop-cap{background-color:#69727d;color:#fff}.elementor-widget-text-editor.elementor-drop-cap-view-framed .elementor-drop-cap{color:#69727d;border:3px solid;background-color:transparent}.elementor-widget-text-editor:not(.elementor-drop-cap-view-default) .elementor-drop-cap{margin-top:8px}.elementor-widget-text-editor:not(.elementor-drop-cap-view-default) .elementor-drop-cap-letter{width:1em;height:1em}.elementor-widget-text-editor .elementor-drop-cap{float:left;text-align:center;line-height:1;font-size:50px}.elementor-widget-text-editor .elementor-drop-cap-letter{display:inline-block}<\/style>\t\t\t\t<p><strong>PR\u00c4AMBEL<\/strong><\/p><p>Die vorliegenden allgemeinen Verkaufsbedingungen regeln die vertraglichen Beziehungen zwischen :<\/p><p>Das Familienweingut Neyroud-Fonjallaz, an der Rte du vignoble 13, 1803 Chardonne, im Folgenden &#8220;Der Verk\u00e4ufer&#8221; genannt.<\/p><ul><li>Und, jede nat\u00fcrliche oder juristische Person, die eine Bestellung auf der Website des Verk\u00e4ufers aufgibt, im Folgenden &#8220;der K\u00e4ufer&#8221; genannt.<\/li><\/ul><p>\u00a0<\/p><p>Die vorliegenden Allgemeinen Gesch\u00e4ftsbedingungen gelten im Rahmen des Online-Verkaufs von Produkten und Dienstleistungen, die vom Verk\u00e4ufer angeboten werden. In diesen Allgemeinen Gesch\u00e4ftsbedingungen sind alle Verpflichtungen der Parteien im Einzelnen aufgef\u00fchrt.<\/p><p>Es wird davon ausgegangen, dass der K\u00e4ufer sie vorbehaltlos akzeptiert.<\/p><ul><li>Der Verk\u00e4ufer und der K\u00e4ufer vereinbaren, dass die vorliegenden allgemeinen Verkaufsbedingungen ausschlie\u00dflich ihre Beziehung regeln.<\/li><li>Der Verk\u00e4ufer beh\u00e4lt sich das Recht vor, die Allgemeinen Gesch\u00e4ftsbedingungen zu \u00e4ndern, vorausgesetzt, er informiert den K\u00e4ufer vorab dar\u00fcber.<\/li><li>Die vorliegenden allgemeinen Verkaufsbedingungen gelten ab dem Zeitpunkt, an dem sie online gestellt werden.<\/li><li>Die vorliegenden allgemeinen Verkaufsbedingungen gelten f\u00fcr jede Bestellung des K\u00e4ufers auf der Website neyroud.ch, die im Folgenden als &#8220;Website&#8221; bezeichnet wird.<\/li><\/ul><p><strong>DEFINITIONEN<\/strong><\/p><ul><li>K\u00e4ufer: Der Begriff K\u00e4ufer bezeichnet jede nat\u00fcrliche oder juristische Person, die eine Bestellung auf der Website neyroud.ch aufgibt.<\/li><li>Website: Der Begriff &#8220;Website&#8221; bezeichnet die Website neyroud.ch, die von Le Domaine familial Neyroud-Fonjallaz betrieben wird.<\/li><li>Auftragsverarbeiter (oder Dienstleister): Der Begriff Auftragsverarbeiter (oder Dienstleister) bezeichnet jede nat\u00fcrliche oder juristische Person, die die Daten im Auftrag des f\u00fcr die Verarbeitung Verantwortlichen verarbeitet. Es kann vorkommen, dass wir die Dienste mehrerer Dienstleister in Anspruch nehmen, um Ihre Daten effizienter zu verarbeiten.<\/li><\/ul><p><strong>BEDINGUNGEN<\/strong><\/p><p><strong>ARTIKEL 1 &#8211; VOLLST\u00c4NDIGKEIT<\/strong><\/p><p>Die vorliegenden Allgemeinen Gesch\u00e4ftsbedingungen bringen die Gesamtheit der Verpflichtungen der Parteien zum Ausdruck. In diesem Sinne wird davon ausgegangen, dass der K\u00e4ufer sie vorbehaltlos akzeptiert. Sollte eine Verkaufsbedingung fehlen, wird davon ausgegangen, dass sie von den geltenden Gepflogenheiten im Fernabsatzsektor, dessen Gesellschaften ihren Sitz in der Schweiz haben, geregelt wird.<\/p><p><strong>ARTIKEL 2 &#8211; GEGENSTAND<\/strong><\/p><p>Die vorliegenden Allgemeinen Gesch\u00e4ftsbedingungen haben zum Ziel, die Rechte und Pflichten der Parteien im Rahmen des Online-Verkaufs von Produkten und Dienstleistungen festzulegen, die der Verk\u00e4ufer dem K\u00e4ufer anbietet.<\/p><p>Jede online aufgegebene Bestellung gilt als Zustimmung und vollst\u00e4ndige Annahme der vorliegenden Allgemeinen Gesch\u00e4ftsbedingungen.<\/p><p><strong>ARTIKEL 3 &#8211; DIE BESTELLUNG<\/strong><\/p><p>Der K\u00e4ufer hat die M\u00f6glichkeit, seine Bestellung online \u00fcber die Website aufzugeben.<\/p><p>Der K\u00e4ufer muss das f\u00fcr ihn passende Angebot ausw\u00e4hlen und dann auf die Schaltfl\u00e4che &#8220;Bestellen&#8221; klicken. Jede Bestellung gilt als Annahme der Preise, der Beschreibungen der zum Verkauf stehenden Dienstleistungen sowie der vorliegenden Allgemeinen Gesch\u00e4ftsbedingungen.<\/p><p>In bestimmten F\u00e4llen, insbesondere bei Zahlungsausfall, falscher Adresse oder anderen Problemen auf dem Konto des K\u00e4ufers, beh\u00e4lt sich der Verk\u00e4ufer das Recht vor, die Bestellung des K\u00e4ufers bis zur L\u00f6sung des Problems zu blockieren.<\/p><p>Bei Fragen zur Verfolgung einer Bestellung muss der K\u00e4ufer den Verk\u00e4ufer per E-Mail unter der folgenden Adresse kontaktieren: vins@neyroud.066.ch.<\/p><p><strong>ARTIKEL 4 &#8211; ELEKTRONISCHE UNTERSCHRIFT<\/strong><\/p><p>Jede vom K\u00e4ufer auf der Website best\u00e4tigte Bestellung wird als endg\u00fcltig betrachtet. Die Abwicklung der Bestellung \u00fcber einen unserer Dienstleister (siehe unsere Datenschutzrichtlinie) gilt als Beweis f\u00fcr die Zustimmung des K\u00e4ufers und gilt als :<\/p><ul><li>F\u00e4lligkeit der im Rahmen des Bestellscheins geschuldeten Betr\u00e4ge.<\/li><li>Unterschrift und ausdr\u00fcckliche Annahme aller durchgef\u00fchrten Transaktionen.<\/li><\/ul><p>Im Falle einer betr\u00fcgerischen Verwendung seiner Bankkarte wird der K\u00e4ufer aufgefordert, sich nach Feststellung dieser Verwendung per E-Mail unter folgender Adresse an den Verk\u00e4ufer zu wenden: vins@neyroud.066.ch.<\/p><p><strong>ARTIKEL 5 &#8211; NACHWEIS DER TRANSAKTION<\/strong><\/p><p>Das (die) per E-Mail erhaltene(n) Bestellformular(e) gilt (gelten) als elektronische Unterschrift in gleicher Weise wie eine handschriftliche Unterschrift zwischen dem Verk\u00e4ufer und dem K\u00e4ufer.<\/p><p><strong>ARTIKEL 6 &#8211; INFORMATIONEN ZU DEN DIENSTLEISTUNGEN<\/strong><\/p><p>Die Produkte und Dienstleistungen, die diesen Allgemeinen Gesch\u00e4ftsbedingungen unterliegen, sind diejenigen, die auf der Website des Verk\u00e4ufers aufgef\u00fchrt sind und die als vom Verk\u00e4ufer verkauft und geliefert angegeben werden.<\/p><p>Die Dienstleistungen werden mit gr\u00f6\u00dftm\u00f6glicher Genauigkeit beschrieben und dargestellt. Sollten jedoch Fehler oder Auslassungen in Bezug auf diese Darstellung aufgetreten sein, kann der Verk\u00e4ufer nicht haftbar gemacht werden.<\/p><p>Der Verk\u00e4ufer kann nicht f\u00fcr Probleme haftbar gemacht werden, die mit der Interpretation der auf der Website verkauften Produkte und Dienstleistungen zusammenh\u00e4ngen oder aufgrund dieser entstanden sind. Der Verk\u00e4ufer beh\u00e4lt sich das Recht vor, Produkte und Dienstleistungen jederzeit aus dem Verkauf zu nehmen.<\/p><p><strong>ARTIKEL 7 &#8211; PREISE<\/strong><\/p><p>Der Verk\u00e4ufer beh\u00e4lt sich das Recht vor, seine Preise jederzeit zu \u00e4ndern, verpflichtet sich jedoch, die zum Zeitpunkt der Bestellung angegebenen g\u00fcltigen Tarife anzuwenden.<\/p><p>Die Preise ber\u00fccksichtigen die am Tag der Bestellung anwendbare schweizerische und europ\u00e4ische Mehrwertsteuer und jede \u00c4nderung des anwendbaren Mehrwertsteuersatzes wird automatisch auf den Preis der angebotenen Dienstleistungen \u00fcbertragen.<\/p><p>Die Zahlung des gesamten Preises muss bei der Bestellung erfolgen. Zu keinem Zeitpunkt k\u00f6nnen die gezahlten Betr\u00e4ge als Anzahlungen oder Vorsch\u00fcsse betrachtet werden.<\/p><p>Wenn eine oder mehrere Steuern oder Beitr\u00e4ge, insbesondere Umweltsteuern, eingef\u00fchrt oder ge\u00e4ndert werden, sowohl nach oben als auch nach unten, kann sich diese \u00c4nderung auf den Verkaufspreis auswirken.<\/p><p><strong>ARTIKEL 8 &#8211; ZAHLUNGSWEISE<\/strong><\/p><p>Der K\u00e4ufer gibt seine Bestellung online auf. Die Zahlung ist am Tag der Bestellung f\u00e4llig. Nachdem der K\u00e4ufer auf das Angebot seiner Wahl geklickt hat, muss er seine Bestellung \u00fcber einen unserer Dienstleister (siehe unsere Datenschutzbestimmungen) bezahlen. Der K\u00e4ufer kann also in aller Sicherheit bestellen.<\/p><p>Der K\u00e4ufer garantiert dem Verk\u00e4ufer, dass er \u00fcber die eventuell erforderlichen Berechtigungen verf\u00fcgt, um die von ihm bei der Best\u00e4tigung des Bestellscheins gew\u00e4hlte Zahlungsmethode zu verwenden. Der Verk\u00e4ufer beh\u00e4lt sich das Recht vor, die Bearbeitung von Bestellungen und die Lieferung auszusetzen, wenn die offiziell akkreditierten Stellen die Genehmigung f\u00fcr eine Zahlung per Kreditkarte verweigern oder wenn keine Zahlung erfolgt.<\/p><p>Der Verk\u00e4ufer beh\u00e4lt sich insbesondere das Recht vor, sich zu weigern, eine Lieferung auszuf\u00fchren oder eine Bestellung eines K\u00e4ufers zu erf\u00fcllen, der eine fr\u00fchere Bestellung ganz oder teilweise nicht beglichen hat oder mit dem ein Zahlungsstreit anh\u00e4ngig ist.<\/p><p><strong>ARTIKEL 9 &#8211; LIEFERBEDINGUNGEN<\/strong><\/p><p>Die Lieferkosten werden am Ende der Online-Bestellung angegeben. Sie h\u00e4ngen vom Gewicht der zu liefernden Gegenst\u00e4nde und der Lieferadresse ab. Der Verk\u00e4ufer bem\u00fcht sich, je nach Verf\u00fcgbarkeit innerhalb einer angemessenen Frist zu liefern. Alle verkauften Waren reisen auf Risiko des K\u00e4ufers, unabh\u00e4ngig von der Art des Transports. Die Verpackungen k\u00f6nnen von Bestellung zu Bestellung variieren (Gr\u00f6\u00dfe\/Farbe\/Material\/&#8230;).<\/p><p><strong>ARTIKEL 10 &#8211; WIDERRUFSRECHT UND R\u00dcCKSENDUNGEN<\/strong><\/p><p>Kein Produkt kann umgetauscht und\/oder zur\u00fcckgegeben werden, au\u00dfer im Falle eines Fehlers (oder mehrerer Fehler) seitens des Verk\u00e4ufers.<\/p><p><strong>ARTIKEL 11 &#8211; H\u00d6HERE GEWALT<\/strong><\/p><p>Alle Umst\u00e4nde, die au\u00dferhalb des Einflussbereichs der Parteien liegen und die die Erf\u00fcllung ihrer Verpflichtungen unter normalen Bedingungen verhindern, gelten als Gr\u00fcnde f\u00fcr die Befreiung von den Verpflichtungen der Parteien und f\u00fchren zu deren Aussetzung.<\/p><p>Die Partei, die sich auf die oben genannten Umst\u00e4nde beruft, muss die andere Partei unverz\u00fcglich \u00fcber deren Eintreten sowie \u00fcber deren Wegfall informieren.<\/p><p>Als h\u00f6here Gewalt gelten alle Tatsachen oder Umst\u00e4nde, die unwiderstehlich sind, au\u00dferhalb des Einflussbereichs der Parteien liegen, unvorhersehbar, unvermeidbar und unabh\u00e4ngig vom Willen der Parteien sind und die von diesen trotz aller vern\u00fcnftigerweise m\u00f6glichen Anstrengungen nicht verhindert werden k\u00f6nnen. Ausdr\u00fccklich als h\u00f6here Gewalt oder zuf\u00e4llige Ereignisse gelten neben den \u00fcblicherweise von der Rechtsprechung der franz\u00f6sischen Gerichte anerkannten F\u00e4llen: Blockierung der Transport- oder Versorgungsmittel, Erdbeben, Br\u00e4nde, St\u00fcrme, \u00dcberschwemmungen, Blitzschlag, Stillstand der Telekommunikationsnetze oder Schwierigkeiten, die den externen Telekommunikationsnetzen der Kunden eigen sind.<\/p><p>Die Parteien werden sich zusammensetzen, um die Auswirkungen des Ereignisses zu pr\u00fcfen und die Bedingungen zu vereinbaren, unter denen die Erf\u00fcllung des Vertrags fortgesetzt wird. Wenn das Ereignis h\u00f6herer Gewalt l\u00e4nger als drei Monate andauert, k\u00f6nnen die vorliegenden Allgemeinen Gesch\u00e4ftsbedingungen von der gesch\u00e4digten Partei gek\u00fcndigt werden.<\/p><p><strong>ARTIKEL 12 &#8211; TEILWEISE UNG\u00dcLTIGKEIT<\/strong><\/p><p>Wenn eine oder mehrere Bestimmungen der vorliegenden Allgemeinen Gesch\u00e4ftsbedingungen f\u00fcr ung\u00fcltig gehalten oder in Anwendung eines Gesetzes, einer Verordnung oder infolge einer endg\u00fcltigen Entscheidung eines zust\u00e4ndigen Gerichts f\u00fcr ung\u00fcltig erkl\u00e4rt werden, behalten die anderen Bestimmungen ihre volle Kraft und Tragweite.<\/p><p><strong>ARTIKEL 13 &#8211; NICHTK\u00dcNDIGUNG<\/strong><\/p><p>Die Tatsache, dass eine der Parteien sich nicht auf einen Versto\u00df der anderen Partei gegen eine der in den vorliegenden Allgemeinen Gesch\u00e4ftsbedingungen genannten Verpflichtungen beruft, kann f\u00fcr die Zukunft nicht als Verzicht auf die betreffende Verpflichtung ausgelegt werden.<\/p><p><strong>ARTIKEL 14 &#8211; TITEL<\/strong><\/p><p>Im Falle von Auslegungsschwierigkeiten zwischen einem beliebigen der Titel am Anfang der Klauseln und einer beliebigen der Klauseln werden die Titel f\u00fcr nicht existent erkl\u00e4rt.<\/p><p><strong>ARTIKEL 15 &#8211; ANWENDBARES RECHT<\/strong><\/p><p>Die vorliegenden Allgemeinen Gesch\u00e4ftsbedingungen unterliegen der Anwendung des Schweizer Rechts und insbesondere des Obligationenrechts. Dies gilt sowohl f\u00fcr die materiellen als auch f\u00fcr die formellen Regeln. Im Falle eines Rechtsstreits oder einer Beschwerde wendet sich der K\u00e4ufer in erster Linie an den Verk\u00e4ufer, um eine g\u00fctliche Einigung zu erzielen.<\/p><p>Andernfalls kann der K\u00e4ufer rechtliche Schritte gegen den Verk\u00e4ufer einleiten.<\/p>\t\t\t\t\t\t<\/div>\n\t\t\t\t<\/div>\n\t\t\t\t\t<\/div>\n\t\t<\/div>\n\t\t\t\t\t<\/div>\n\t\t<\/section>\n\t\t\t\t<\/div>\n\t\t","protected":false},"excerpt":{"rendered":"<p>Allgemeine Gesch\u00e4ftsbedingungen PR\u00c4AMBEL Die vorliegenden allgemeinen Verkaufsbedingungen regeln die vertraglichen Beziehungen zwischen : Das Familienweingut Neyroud-Fonjallaz, an der Rte du vignoble 13, 1803 Chardonne, im Folgenden &#8220;Der Verk\u00e4ufer&#8221; genannt. Und, jede nat\u00fcrliche oder juristische Person, die eine Bestellung auf der Website des Verk\u00e4ufers aufgibt, im Folgenden &#8220;der K\u00e4ufer&#8221; genannt. \u00a0 Die vorliegenden Allgemeinen Gesch\u00e4ftsbedingungen gelten [&hellip;]<\/p>\n","protected":false},"author":3,"featured_media":0,"parent":0,"menu_order":0,"comment_status":"closed","ping_status":"closed","template":"","meta":{"footnotes":""},"class_list":["post-3262","page","type-page","status-publish","hentry"],"_links":{"self":[{"href":"https:\/\/neyroud.066.ch\/de\/wp-json\/wp\/v2\/pages\/3262","targetHints":{"allow":["GET"]}}],"collection":[{"href":"https:\/\/neyroud.066.ch\/de\/wp-json\/wp\/v2\/pages"}],"about":[{"href":"https:\/\/neyroud.066.ch\/de\/wp-json\/wp\/v2\/types\/page"}],"author":[{"embeddable":true,"href":"https:\/\/neyroud.066.ch\/de\/wp-json\/wp\/v2\/users\/3"}],"replies":[{"embeddable":true,"href":"https:\/\/neyroud.066.ch\/de\/wp-json\/wp\/v2\/comments?post=3262"}],"version-history":[{"count":4,"href":"https:\/\/neyroud.066.ch\/de\/wp-json\/wp\/v2\/pages\/3262\/revisions"}],"predecessor-version":[{"id":3269,"href":"https:\/\/neyroud.066.ch\/de\/wp-json\/wp\/v2\/pages\/3262\/revisions\/3269"}],"wp:attachment":[{"href":"https:\/\/neyroud.066.ch\/de\/wp-json\/wp\/v2\/media?parent=3262"}],"curies":[{"name":"wp","href":"https:\/\/api.w.org\/{rel}","templated":true}]}}