{"id":3283,"date":"2022-03-11T16:11:33","date_gmt":"2022-03-11T15:11:33","guid":{"rendered":"https:\/\/neyroud.066.ch\/?page_id=3283"},"modified":"2022-03-11T16:12:19","modified_gmt":"2022-03-11T15:12:19","slug":"datenschutzrichtlinie","status":"publish","type":"page","link":"https:\/\/neyroud.066.ch\/de\/datenschutzrichtlinie\/","title":{"rendered":"Datenschutzrichtlinie"},"content":{"rendered":"\t\t<div data-elementor-type=\"wp-page\" data-elementor-id=\"3283\" class=\"elementor elementor-3283 elementor-1116\" data-elementor-post-type=\"page\">\n\t\t\t\t\t\t<section class=\"elementor-section elementor-top-section elementor-element elementor-element-067b574 elementor-section-boxed elementor-section-height-default elementor-section-height-default\" data-id=\"067b574\" data-element_type=\"section\">\n\t\t\t\t\t\t<div class=\"elementor-container elementor-column-gap-default\">\n\t\t\t\t\t<div class=\"elementor-column elementor-col-33 elementor-top-column elementor-element elementor-element-75d28d7\" data-id=\"75d28d7\" data-element_type=\"column\">\n\t\t\t<div class=\"elementor-widget-wrap elementor-element-populated\">\n\t\t\t\t\t\t<div class=\"elementor-element elementor-element-c5edcd3 elementor-nav-menu__align-start elementor-nav-menu--dropdown-tablet elementor-nav-menu__text-align-aside elementor-widget elementor-widget-nav-menu\" data-id=\"c5edcd3\" data-element_type=\"widget\" data-settings=\"{&quot;layout&quot;:&quot;vertical&quot;,&quot;submenu_icon&quot;:{&quot;value&quot;:&quot;&lt;i class=\\&quot;fas fa-caret-down\\&quot;&gt;&lt;\\\/i&gt;&quot;,&quot;library&quot;:&quot;fa-solid&quot;}}\" data-widget_type=\"nav-menu.default\">\n\t\t\t\t<div class=\"elementor-widget-container\">\n\t\t\t<link rel=\"stylesheet\" href=\"https:\/\/neyroud.066.ch\/wp-content\/plugins\/elementor-pro\/assets\/css\/widget-nav-menu.min.css\">\t\t\t<nav class=\"elementor-nav-menu--main elementor-nav-menu__container elementor-nav-menu--layout-vertical e--pointer-underline e--animation-fade\">\n\t\t\t\t<ul id=\"menu-1-c5edcd3\" class=\"elementor-nav-menu sm-vertical\"><li class=\"menu-item menu-item-type-post_type menu-item-object-page menu-item-1127\"><a href=\"https:\/\/neyroud.066.ch\/cgv\/\" class=\"elementor-item\">CGV<\/a><\/li>\n<li class=\"menu-item menu-item-type-post_type menu-item-object-page menu-item-1126\"><a href=\"https:\/\/neyroud.066.ch\/politique-de-confidentialite\/\" class=\"elementor-item\">Datenschutzrichtlinie<\/a><\/li>\n<\/ul>\t\t\t<\/nav>\n\t\t\t\t\t\t<nav class=\"elementor-nav-menu--dropdown elementor-nav-menu__container\" aria-hidden=\"true\">\n\t\t\t\t<ul id=\"menu-2-c5edcd3\" class=\"elementor-nav-menu sm-vertical\"><li class=\"menu-item menu-item-type-post_type menu-item-object-page menu-item-1127\"><a href=\"https:\/\/neyroud.066.ch\/cgv\/\" class=\"elementor-item\" tabindex=\"-1\">CGV<\/a><\/li>\n<li class=\"menu-item menu-item-type-post_type menu-item-object-page menu-item-1126\"><a href=\"https:\/\/neyroud.066.ch\/politique-de-confidentialite\/\" class=\"elementor-item\" tabindex=\"-1\">Datenschutzrichtlinie<\/a><\/li>\n<\/ul>\t\t\t<\/nav>\n\t\t\t\t<\/div>\n\t\t\t\t<\/div>\n\t\t\t\t\t<\/div>\n\t\t<\/div>\n\t\t\t\t<div class=\"elementor-column elementor-col-66 elementor-top-column elementor-element elementor-element-d2e4394\" data-id=\"d2e4394\" data-element_type=\"column\">\n\t\t\t<div class=\"elementor-widget-wrap elementor-element-populated\">\n\t\t\t\t\t\t<div class=\"elementor-element elementor-element-d2b8ad0 elementor-widget elementor-widget-heading\" data-id=\"d2b8ad0\" data-element_type=\"widget\" data-widget_type=\"heading.default\">\n\t\t\t\t<div class=\"elementor-widget-container\">\n\t\t\t<style>\/*! elementor - v3.22.0 - 26-06-2024 *\/\n.elementor-heading-title{padding:0;margin:0;line-height:1}.elementor-widget-heading .elementor-heading-title[class*=elementor-size-]>a{color:inherit;font-size:inherit;line-height:inherit}.elementor-widget-heading .elementor-heading-title.elementor-size-small{font-size:15px}.elementor-widget-heading .elementor-heading-title.elementor-size-medium{font-size:19px}.elementor-widget-heading .elementor-heading-title.elementor-size-large{font-size:29px}.elementor-widget-heading .elementor-heading-title.elementor-size-xl{font-size:39px}.elementor-widget-heading .elementor-heading-title.elementor-size-xxl{font-size:59px}<\/style><h2 class=\"elementor-heading-title elementor-size-default\">Datenschutzrichtlinie<\/h2>\t\t<\/div>\n\t\t\t\t<\/div>\n\t\t\t\t<div class=\"elementor-element elementor-element-878322e elementor-widget elementor-widget-text-editor\" data-id=\"878322e\" data-element_type=\"widget\" data-widget_type=\"text-editor.default\">\n\t\t\t\t<div class=\"elementor-widget-container\">\n\t\t\t<style>\/*! elementor - v3.22.0 - 26-06-2024 *\/\n.elementor-widget-text-editor.elementor-drop-cap-view-stacked .elementor-drop-cap{background-color:#69727d;color:#fff}.elementor-widget-text-editor.elementor-drop-cap-view-framed .elementor-drop-cap{color:#69727d;border:3px solid;background-color:transparent}.elementor-widget-text-editor:not(.elementor-drop-cap-view-default) .elementor-drop-cap{margin-top:8px}.elementor-widget-text-editor:not(.elementor-drop-cap-view-default) .elementor-drop-cap-letter{width:1em;height:1em}.elementor-widget-text-editor .elementor-drop-cap{float:left;text-align:center;line-height:1;font-size:50px}.elementor-widget-text-editor .elementor-drop-cap-letter{display:inline-block}<\/style>\t\t\t\t<p>Domaine familial Neyroud-Fonjallaz(&#8220;wir&#8221;, &#8220;uns&#8221;, &#8220;unser&#8221;) betreibt die Website neyroud.ch (im Folgenden als &#8220;Dienst&#8221; bezeichnet).<\/p><p>Diese Seite erl\u00e4utert unsere Richtlinien zur Erhebung, Nutzung und Weitergabe von personenbezogenen Daten, wenn Sie unseren Dienst nutzen, sowie die Wahlm\u00f6glichkeiten, die Sie in Bezug auf diese Daten haben.<\/p><p>Wir verwenden Ihre Daten, um unseren Dienst bereitzustellen und zu verbessern. Durch die Nutzung unseres Dienstes stimmen Sie der Erhebung und Nutzung von Daten gem\u00e4\u00df dieser Richtlinie zu, die ihrerseits der DSGVO unterliegt.<\/p><p><strong>DEFINITIONEN<\/strong><\/p><ul><li>Dienst: Unter Dienst ist die von AS Cr\u00e9ations SA betriebene Website neyroud.ch zu verstehen.<\/li><li>Personenbezogene Daten: Personenbezogene Daten sind Daten \u00fcber eine lebende Person, die anhand dieser Daten (oder anhand dieser Daten und anderer Informationen, die sich in unserem Besitz befinden oder m\u00f6glicherweise in unseren Besitz gelangen) identifiziert werden kann.<\/li><li>Nutzungsdaten: Nutzungsdaten werden automatisch gesammelt und entstehen entweder durch die Nutzung des Dienstes oder durch die Infrastruktur des Dienstes selbst (z. B. die Dauer des Besuchs einer Seite).<\/li><li>Cookies: Cookies sind kleine Dateien, die auf Ihrem Ger\u00e4t (Computer oder Mobilger\u00e4t) gespeichert werden.<\/li><li>Verantwortlicher f\u00fcr die Verarbeitung: Der Verantwortliche f\u00fcr die Verarbeitung bezeichnet die nat\u00fcrliche oder juristische Person (allein oder gemeinsam oder in Gemeinschaft mit anderen Personen), die bestimmt, zu welchen Zwecken und auf welche Weise alle personenbezogenen Daten verarbeitet werden oder verarbeitet werden sollen. F\u00fcr die Zwecke dieser Datenschutzrichtlinie sind wir ein Verantwortlicher f\u00fcr die Verarbeitung Ihrer personenbezogenen Daten.<\/li><li>Auftragsverarbeiter (oder Dienstleister): Der Begriff Auftragsverarbeiter (oder Dienstleister) bezeichnet jede nat\u00fcrliche oder juristische Person, die Daten im Auftrag des f\u00fcr die Verarbeitung Verantwortlichen verarbeitet. Es kann vorkommen, dass wir die Dienste mehrerer Dienstleister in Anspruch nehmen, um Ihre Daten effizienter zu verarbeiten.<\/li><li>Betroffene Person (oder Nutzer): Unter Betroffener Person versteht man jede lebende Person, die unseren Dienst nutzt und Gegenstand personenbezogener Daten ist.<\/li><\/ul><p>\u00a0<\/p><p><strong>ERHEBUNG UND VERWENDUNG VON DATEN<\/strong><\/p><p>Wir sammeln verschiedene Arten von Daten zu unterschiedlichen Zwecken, um Ihnen unseren Dienst zur Verf\u00fcgung zu stellen und ihn zu verbessern.<\/p><p><strong>ARTEN VON GESAMMELTEN DATEN<\/strong><\/p><p><strong>PERS\u00d6NLICHE DATEN<\/strong><\/p><p>Wenn Sie unseren Dienst nutzen, kann es sein, dass wir Sie bitten, uns bestimmte namentliche pers\u00f6nliche Daten zur Verf\u00fcgung zu stellen, die dazu dienen k\u00f6nnen, Sie zu kontaktieren oder zu identifizieren (&#8220;Pers\u00f6nliche Daten&#8221;). Zu den personenbezogenen Daten k\u00f6nnen geh\u00f6ren, aber nicht beschr\u00e4nkt auf:<\/p><ul><li>E-Mail-Adresse<\/li><li>Vorname und Nachname<\/li><li>Cookies und Nutzungsdaten.<\/li><\/ul><p>Wir k\u00f6nnen Ihre Pers\u00f6nlichen Daten verwenden, um Ihnen Newsletter, kommerzielle Mitteilungen oder Werbeaktionen und andere Informationen zu senden, die f\u00fcr Sie von Interesse sein k\u00f6nnten.<\/p><p>Sie k\u00f6nnen sich daf\u00fcr entscheiden, keine oder nur bestimmte Mitteilungen von uns zu erhalten, indem Sie auf den Abmeldelink klicken oder die Anweisungen befolgen, die in jeder von uns gesendeten E-Mail enthalten sind.<\/p><p><strong>DATEN ZUR NUTZUNG<\/strong><\/p><p>Wir k\u00f6nnen auch Informationen dar\u00fcber sammeln, wie Sie auf den Dienst zugreifen und ihn nutzen (&#8220;Nutzungsdaten&#8221;). Diese Nutzungsdaten k\u00f6nnen Informationen wie die Internetprotokoll-Adresse (d. h. die IP-Adresse) Ihres Computers, den Browsertyp, die Browserversion, die von Ihnen besuchten Seiten unseres Dienstes, das Datum und die Uhrzeit Ihres Besuchs, die auf diesen Seiten verbrachte Zeit, eindeutige Ger\u00e4tekennungen sowie andere Diagnosedaten umfassen.<\/p><p><strong>TRACKING UND COOKIE-DATEN<\/strong><\/p><p>Wir verwenden Cookies und \u00e4hnliche Tracking-Technologien, um die in unserem Dienst durchgef\u00fchrten Aktivit\u00e4ten nachzuverfolgen, und speichern bestimmte Informationen.<\/p><p>Cookies sind Dateien mit geringem Datenvolumen, die eine anonyme eindeutige Kennung enthalten k\u00f6nnen. Cookies werden von einer Website an Ihren Browser gesendet und auf Ihrem Ger\u00e4t gespeichert. Andere Tracking-Technologien wie Pixel, Beacons und Skripte werden auch verwendet, um Informationen zu sammeln und zu verfolgen und um unseren Dienst zu verbessern und zu analysieren.<\/p><p>Sie k\u00f6nnen Ihren Browser anweisen, alle Cookies abzulehnen oder Sie zu benachrichtigen, wenn ein Cookie gesendet wird. Wenn Sie keine Cookies akzeptieren, kann es jedoch sein, dass Sie bestimmte Elemente unseres Dienstes nicht nutzen k\u00f6nnen.<\/p><p>Beispiele f\u00fcr Cookies, die wir verwenden:<\/p><ul><li>Session-Cookies: Wir verwenden Session-Cookies, um unseren Dienst zu betreiben.<\/li><li>Pr\u00e4ferenz-Cookies: Wir verwenden Pr\u00e4ferenz-Cookies, um Ihre Pr\u00e4ferenzen und verschiedenen Einstellungen zu speichern.<\/li><li>Sicherheits-Cookies: Wir verwenden Sicherheits-Cookies aus Sicherheitsgr\u00fcnden.<\/li><\/ul><p>\u00a0<\/p><p><strong>DATENNUTZUNG<\/strong><\/p><p>Domaine familial Neyroud-Fonjallazu verwendet die gesammelten Daten zu verschiedenen Zwecken:<\/p><ul><li>Um unseren Service bereitzustellen und zu gew\u00e4hrleisten.<\/li><li>Um Sie \u00fcber \u00c4nderungen an unserem Dienst zu informieren.<\/li><li>Um Ihnen zu erm\u00f6glichen, die interaktiven Funktionen unseres Dienstes zu nutzen, wann immer Sie es w\u00fcnschen.<\/li><li>Um Kundensupport zu leisten<\/li><li>Um wertvolle Daten oder Analysen zu sammeln, mit denen wir unseren Service verbessern k\u00f6nnen.<\/li><li>Um die Nutzung unseres Dienstes zu \u00fcberwachen<\/li><li>Um technische Probleme zu erkennen, zu verhindern und zu beheben<\/li><li>Um Ihnen aktuelle Nachrichten, Sonderangebote und allgemeine Informationen \u00fcber andere Waren, Dienstleistungen und Veranstaltungen zukommen zu lassen, die wir anbieten und die denen \u00e4hnlich sind, die Sie bereits gekauft haben oder \u00fcber die Sie sich bereits informiert haben, es sei denn, Sie haben bereits angegeben, dass Sie keine derartigen Informationen erhalten m\u00f6chten.<\/li><\/ul><p>\u00a0<\/p><p>Rechtsgrundlage f\u00fcr die Verarbeitung personenbezogener Daten gem\u00e4\u00df der Allgemeinen Datenschutzverordnung (DSGVO).<\/p><p>Wenn Sie im Europ\u00e4ischen Wirtschaftsraum (EWR) leben, h\u00e4ngt die Rechtsgrundlage von Domaine familial Neyroud-Fonjallaz in Bezug auf die Erhebung und Nutzung der in dieser Datenschutzrichtlinie beschriebenen personenbezogenen Daten von den personenbezogenen Daten ab, die wir erheben, und von dem genauen Kontext, in dem wir sie erheben.<\/p><p>Domaine familial Neyroud-Fonjallaz kann Ihre Pers\u00f6nlichen Daten verarbeiten:<\/p><ul><li>Weil wir einen mit Ihnen geschlossenen Vertrag erf\u00fcllen m\u00fcssen.<\/li><li>Weil Sie uns dazu erm\u00e4chtigt haben<\/li><li>Weil wir ein berechtigtes Interesse an der Durchf\u00fchrung dieser Verarbeitung haben und Ihre Rechte dieses berechtigte Interesse nicht \u00fcberwiegen.<\/li><li>Zum Zweck der Zahlungsabwicklung<\/li><li>Zur Einhaltung von Gesetzen<\/li><\/ul><p><strong>AUFBEWAHRUNG VON DATEN<\/strong><\/p><p>Domaine familial Neyroud-Fonjallazne wird Ihre Pers\u00f6nlichen Daten nur so lange aufbewahren, wie es f\u00fcr die in dieser Datenschutzrichtlinie festgelegten Zwecke notwendig ist. Wir werden Ihre Pers\u00f6nlichen Daten in dem Ma\u00dfe aufbewahren und verwenden, wie es notwendig ist, damit wir unseren rechtlichen Verpflichtungen nachkommen (z. B. zur Einhaltung der geltenden Gesetze), Streitigkeiten beilegen und unsere Vereinbarungen und Richtlinien durchsetzen k\u00f6nnen.<\/p><p>Domaine familial Neyroud-Fonjallaz wird die Nutzungsdaten auch zu internen Analysezwecken aufbewahren. Nutzungsdaten werden in der Regel f\u00fcr einen k\u00fcrzeren Zeitraum aufbewahrt, au\u00dfer wenn diese Daten zur Erh\u00f6hung der Sicherheit oder zur Verbesserung der Funktionalit\u00e4t unseres Dienstes verwendet werden oder wenn wir gesetzlich verpflichtet sind, diese Daten l\u00e4nger aufzubewahren.<\/p><p>\u00a0<\/p><p><strong>\u00dcBERTRAGUNG VON DATEN<\/strong><\/p><p>Informationen \u00fcber Sie, einschlie\u00dflich Ihrer Pers\u00f6nlichen Daten, k\u00f6nnen von Ihrer Region, Provinz, Ihrem Land oder einer anderen territorialen Unterteilung auf Computer \u00fcbertragen &#8211; und auf diesen gespeichert &#8211; werden, die sich an einem Ort befinden, an dem andere Datenschutzgesetze gelten als in dem Gebiet, in dem Sie wohnen.<\/p><p>Wenn Sie au\u00dferhalb der Schweiz wohnen und sich daf\u00fcr entscheiden, uns Informationen zur Verf\u00fcgung zu stellen, sollten Sie wissen, dass wir die Daten, einschlie\u00dflich der Pers\u00f6nlichen Daten, in die Schweiz \u00fcbertragen und dort verarbeiten.<\/p><p>Indem Sie diese Datenschutzrichtlinie akzeptieren und dann diese Informationen einreichen, stimmen Sie dieser \u00dcbertragung zu.<\/p><p>Domaine familial Neyroud-Fonjallaz wird alle angemessenen Ma\u00dfnahmen ergreifen, um sicherzustellen, dass Ihre Daten sicher und in \u00dcbereinstimmung mit dieser Datenschutzrichtlinie verarbeitet werden, und Ihre Pers\u00f6nlichen Daten werden nicht an eine Organisation oder ein Land weitergeleitet, es sei denn, es bestehen folgende Bedingungen<\/p><p>keine angemessenen Kontrollen vorhanden sind, insbesondere im Hinblick auf die Sicherheit Ihrer Daten und anderer personenbezogener Daten.<\/p><p>\u00a0<\/p><p><strong>WEITERGABE VON DATEN<\/strong><\/p><p><strong>WEITERGABE VON DATEN AN STRAFVERFOLGUNGSBEH\u00d6RDEN<\/strong><\/p><p>Unter bestimmten Umst\u00e4nden kann Domaine familial Neyroud-Fonjallaz verpflichtet sein, Ihre Pers\u00f6nlichen Daten weiterzugeben, wenn dies gesetzlich vorgeschrieben ist oder als Reaktion auf g\u00fcltige Anfragen von Beh\u00f6rden (z. B. einem Gericht oder einer Regierungsbeh\u00f6rde).<\/p><p><strong>GESETZLICHE ANFORDERUNGEN<\/strong><\/p><p>Domaine familial Neyroud-Fonjallaz kann Ihre Pers\u00f6nlichen Daten offenlegen, wenn sie in gutem Glauben davon ausgeht, dass dies notwendig ist, um :<\/p><ul><li>Eine gesetzliche Verpflichtung zu erf\u00fcllen<\/li><li>Die Rechte oder das Eigentum von Domaine familial Neyroud-Fonjallaz zu sch\u00fctzen und zu verteidigen.<\/li><li>M\u00f6gliche strafbare Handlungen im Zusammenhang mit dem Dienst zu verhindern oder zu untersuchen.<\/li><li>Die pers\u00f6nliche Sicherheit der Nutzer des Dienstes oder der \u00d6ffentlichkeit gew\u00e4hrleisten.<\/li><li>Sich gegen zivilrechtliche Haftung zu sch\u00fctzen.<\/li><\/ul><p>\u00a0<\/p><p><strong>DATENSICHERHEIT<\/strong><\/p><p>Die Sicherheit Ihrer Daten liegt uns sehr am Herzen. Bitte bedenken Sie jedoch, dass keine Methode der Daten\u00fcbertragung \u00fcber das Internet und keine Methode der elektronischen Speicherung zu 100% sicher ist. Obwohl wir uns bem\u00fchen, kommerziell akzeptable Methoden zum Schutz Ihrer Pers\u00f6nlichen Daten einzusetzen, k\u00f6nnen wir keine absolute Sicherheit garantieren.<\/p><p>Datenschutzrechte, die Ihnen durch die Allgemeine Datenschutzverordnung (DSGVO) einger\u00e4umt werden.<\/p><p>Wenn Sie im Europ\u00e4ischen Wirtschaftsraum (EWR) leben, haben Sie bestimmte Rechte in Bezug auf den Datenschutz. Domaine familial Neyroud-Fonjallaz beabsichtigt, angemessene Schritte zu unternehmen, um Ihnen die M\u00f6glichkeit zu geben, Ihre Pers\u00f6nlichen Daten zu korrigieren, zu \u00e4ndern oder zu l\u00f6schen oder deren Nutzung einzuschr\u00e4nken.<\/p><p>Wenn Sie wissen m\u00f6chten, welche Pers\u00f6nlichen Daten wir \u00fcber Sie gespeichert haben und m\u00f6chten, dass diese aus unseren Systemen gel\u00f6scht werden, setzen Sie sich bitte mit uns in Verbindung.<\/p><p>Unter bestimmten Umst\u00e4nden haben Sie die folgenden datenschutzrechtlichen Rechte:<\/p><ul><li>Recht, auf die Informationen, die wir \u00fcber Sie speichern, zuzugreifen, sie zu aktualisieren oder zu l\u00f6schen. Wenn diese Option angeboten wird, k\u00f6nnen Sie in den Einstellungen Ihres Kontos Ihre Pers\u00f6nlichen Daten einsehen, aktualisieren oder deren L\u00f6schung beantragen. Wenn Sie diese Aktionen nicht selbst durchf\u00fchren k\u00f6nnen, wenden Sie sich bitte an uns, um Hilfe zu erhalten.<\/li><li>Recht auf Berichtigung: Sie haben das Recht, Ihre Daten berichtigen zu lassen, wenn sie unrichtig oder unvollst\u00e4ndig sind.<\/li><li>Recht auf Widerspruch: Sie haben das Recht, gegen die Verarbeitung Ihrer personenbezogenen Daten durch uns Widerspruch einzulegen.<\/li><li>Recht auf Einschr\u00e4nkung: Sie haben das Recht, uns zu bitten, die Verarbeitung Ihrer personenbezogenen Daten einzuschr\u00e4nken.<\/li><li>Recht auf Daten\u00fcbertragbarkeit: Sie haben das Recht, eine Kopie der Informationen, die wir \u00fcber Sie gespeichert haben, in einem g\u00e4ngigen, strukturierten und maschinenlesbaren Format zu erhalten.<\/li><li>Recht auf Widerruf der Einwilligung: Sie haben auch das Recht, Ihre Zustimmung jederzeit zu widerrufen, wenn Domaine familial Neyroud-Fonjallaz sich bei der Verarbeitung Ihrer personenbezogenen Daten auf Ihre Zustimmung gest\u00fctzt hat.<\/li><\/ul><p>Bitte beachten Sie, dass wir Sie m\u00f6glicherweise auffordern, Ihre Identit\u00e4t nachzuweisen, bevor wir auf solche Anfragen reagieren.<\/p><p>Sie haben das Recht, sich bei einer Datenschutzbeh\u00f6rde \u00fcber unsere Erhebung und Verwendung Ihrer Pers\u00f6nlichen Daten zu beschweren. F\u00fcr weitere Informationen wenden Sie sich bitte an die Ihnen am n\u00e4chsten gelegene Datenschutzbeh\u00f6rde im Europ\u00e4ischen Wirtschaftsraum (EWR).<\/p><p><strong>DIENSTLEISTER<\/strong><\/p><p>Wir k\u00f6nnen Drittunternehmen und Drittpersonen beauftragen, die Bereitstellung unseres Dienstes zu erleichtern (&#8220;Dienstleister&#8221;), unseren Dienst in unserem Namen zu erbringen, mit dem Dienst verbundene Dienstleistungen zu erbringen oder uns bei der Analyse der Art und Weise, wie unser Dienst genutzt wird, zu unterst\u00fctzen.<\/p><p>Diese Dritten haben nur Zugang zu Ihren Pers\u00f6nlichen Daten, um diese Aufgaben in unserem Namen auszuf\u00fchren, und d\u00fcrfen diese Daten nicht weitergeben oder f\u00fcr andere Zwecke verwenden.<\/p><p><strong>ANALYSEN<\/strong><\/p><p>Wir k\u00f6nnen Dienstleister damit beauftragen, die Nutzung unseres Dienstes zu \u00fcberwachen und zu analysieren.<\/p><ul><li>Google Analytics: Google Analytics ist ein von Google angebotener Webanalysedienst, der den Datenverkehr auf einer Website verfolgt und dar\u00fcber berichtet. Google verwendet<\/li><\/ul><p>Daten, die gesammelt werden, um die Nutzung unseres Dienstes zu verfolgen und zu \u00fcberwachen. Diese Daten werden mit anderen Google-Diensten geteilt. Google kann die gesammelten Daten verwenden, um die Anzeigen in seinem eigenen Werbenetzwerk zu kontextualisieren und zu personalisieren &#8211; Sehen Sie sich deren Datenschutzrichtlinie an.<\/p><p><strong>ZAHLUNGEN<\/strong><\/p><p>Wir k\u00f6nnen im Rahmen des Dienstes kostenpflichtige Produkte und\/oder Dienstleistungen anbieten. In solchen F\u00e4llen werden wir f\u00fcr die Zahlungsabwicklung die Dienste Dritter in Anspruch nehmen (d. h. Zahlungsabwicklungsunternehmen). Wir werden die Daten Ihrer Zahlungskarte weder erfassen noch speichern. Diese Daten werden direkt an Drittunternehmen weitergegeben, die Zahlungen verarbeiten, und diese Unternehmen verwenden Ihre personenbezogenen Daten gem\u00e4\u00df ihrer Datenschutzrichtlinie.<\/p><ul><li>PayPal &#8211; Sehen Sie sich ihre Datenschutzrichtlinie an.<\/li><li>PostFinance Checkout &#8211; Sehen Sie sich ihre Datenschutzrichtlinie an.<\/li><\/ul><p>\u00a0<\/p><p><strong>TECHNIK<\/strong><\/p><p>Wir k\u00f6nnen Dienstleister mit technischen Anforderungen beauftragen, die den Betrieb und die Wartung des Dienstes betreffen. Um eine vollst\u00e4ndige und detaillierte Liste der vom Dienst verwendeten Technologien zu erhalten, kontaktieren Sie uns bitte per E-Mail unter vins@neyroud.066.ch:<\/p><ul><li>Infomaniak &#8211; Sehen Sie sich ihre Datenschutzrichtlinie an.<\/li><li>Backblaze &#8211; Sehen Sie sich ihre Datenschutzrichtlinie an.<\/li><li>ManageWP &#8211; Sehen Sie sich ihre Datenschutzrichtlinie an.<\/li><li>Sendinblue &#8211; Sehen Sie sich ihre Datenschutzrichtlinie an.<\/li><\/ul><p>\u00a0<\/p><p><strong>LINKS, DIE AUF DRITTE VERWEISEN<\/strong><\/p><p>Unser Dienst kann Links enthalten, die auf andere Websites verweisen, die nicht von uns betrieben werden. Wenn Sie auf einen Link von Dritten klicken, werden Sie auf die Website des Dritten weitergeleitet. Wir empfehlen Ihnen dringend, die Datenschutzrichtlinien jeder von Ihnen besuchten Website zu pr\u00fcfen.<\/p><p>Wir haben keine Kontrolle \u00fcber den Inhalt, die Richtlinien oder die Datenschutzpraktiken von Websites oder Diensten Dritter und \u00fcbernehmen keine Verantwortung f\u00fcr diese.<\/p><p><strong>DATENSCHUTZ VON KINDERN<\/strong><\/p><p>Unser Dienst richtet sich nicht an minderj\u00e4hrige Personen. Wir sammeln nicht wissentlich personenbezogene Daten von Personen unter 16 Jahren. Wenn Sie ein Elternteil oder Vormund sind und wissen, dass Ihr Kind uns personenbezogene Daten \u00fcbermittelt hat, setzen Sie sich bitte mit uns in Verbindung. Wenn wir erfahren, dass wir personenbezogene Daten von Kindern gesammelt haben, ohne zu pr\u00fcfen, ob eine elterliche Zustimmung vorliegt, unternehmen wir alle notwendigen Schritte, um diese Informationen von unseren Servern zu l\u00f6schen.<\/p><p><strong>\u00c4NDERUNGEN AN DIESER DATENSCHUTZRICHTLINIE<\/strong><\/p><p>Wir behalten uns das Recht vor, unsere Datenschutzrichtlinie von Zeit zu Zeit zu aktualisieren. Wir werden Sie \u00fcber jede \u00c4nderung informieren, indem wir die neue Datenschutzrichtlinie auf dieser Seite ver\u00f6ffentlichen.<\/p><p>Bevor die \u00c4nderung in Kraft tritt, werden wir Sie per E-Mail und durch einen gut sichtbaren Hinweis in unserem Dienst dar\u00fcber informieren und das &#8220;Datum des Inkrafttretens&#8221;, das oben in dieser Datenschutzrichtlinie angegeben ist, aktualisieren.<\/p><p>Wir empfehlen Ihnen, diese Datenschutzrichtlinie regelm\u00e4\u00dfig auf \u00c4nderungen hin zu \u00fcberpr\u00fcfen. \u00c4nderungen an dieser Datenschutzrichtlinie treten in Kraft, wenn sie auf dieser Seite ver\u00f6ffentlicht werden.<\/p><p><strong>KONTAKTIEREN SIE UNS<\/strong><\/p><p>Wenn Sie Fragen zu dieser Datenschutzrichtlinie haben, kontaktieren Sie uns bitte :<\/p><ul><li>Per E-Mail: vins@neyroud.066.ch<\/li><\/ul>\t\t\t\t\t\t<\/div>\n\t\t\t\t<\/div>\n\t\t\t\t\t<\/div>\n\t\t<\/div>\n\t\t\t\t\t<\/div>\n\t\t<\/section>\n\t\t\t\t<\/div>\n\t\t","protected":false},"excerpt":{"rendered":"<p>Datenschutzrichtlinie Domaine familial Neyroud-Fonjallaz(&#8220;wir&#8221;, &#8220;uns&#8221;, &#8220;unser&#8221;) betreibt die Website neyroud.ch (im Folgenden als &#8220;Dienst&#8221; bezeichnet). Diese Seite erl\u00e4utert unsere Richtlinien zur Erhebung, Nutzung und Weitergabe von personenbezogenen Daten, wenn Sie unseren Dienst nutzen, sowie die Wahlm\u00f6glichkeiten, die Sie in Bezug auf diese Daten haben. Wir verwenden Ihre Daten, um unseren Dienst bereitzustellen und zu verbessern. [&hellip;]<\/p>\n","protected":false},"author":3,"featured_media":0,"parent":0,"menu_order":0,"comment_status":"closed","ping_status":"closed","template":"","meta":{"footnotes":""},"class_list":["post-3283","page","type-page","status-publish","hentry"],"_links":{"self":[{"href":"https:\/\/neyroud.066.ch\/de\/wp-json\/wp\/v2\/pages\/3283","targetHints":{"allow":["GET"]}}],"collection":[{"href":"https:\/\/neyroud.066.ch\/de\/wp-json\/wp\/v2\/pages"}],"about":[{"href":"https:\/\/neyroud.066.ch\/de\/wp-json\/wp\/v2\/types\/page"}],"author":[{"embeddable":true,"href":"https:\/\/neyroud.066.ch\/de\/wp-json\/wp\/v2\/users\/3"}],"replies":[{"embeddable":true,"href":"https:\/\/neyroud.066.ch\/de\/wp-json\/wp\/v2\/comments?post=3283"}],"version-history":[{"count":4,"href":"https:\/\/neyroud.066.ch\/de\/wp-json\/wp\/v2\/pages\/3283\/revisions"}],"predecessor-version":[{"id":3290,"href":"https:\/\/neyroud.066.ch\/de\/wp-json\/wp\/v2\/pages\/3283\/revisions\/3290"}],"wp:attachment":[{"href":"https:\/\/neyroud.066.ch\/de\/wp-json\/wp\/v2\/media?parent=3283"}],"curies":[{"name":"wp","href":"https:\/\/api.w.org\/{rel}","templated":true}]}}